{"id":6659,"date":"2023-02-16T08:48:42","date_gmt":"2023-02-16T07:48:42","guid":{"rendered":"https:\/\/lewu.es\/?post_type=product&#038;p=6659"},"modified":"2024-02-23T12:21:41","modified_gmt":"2024-02-23T11:21:41","slug":"inscripcion-campamento","status":"publish","type":"product","link":"https:\/\/lewu.es\/en\/product\/camp-registration\/","title":{"rendered":"Camp Registration"},"content":{"rendered":"<p>Nuestros campamentos de de inmersi\u00f3n ling\u00fc\u00edstica en Valencia ofrecen a los ni\u00f1os y adolescentes la oportunidad de practicar ingl\u00e9s o espa\u00f1ol para extranjeros. Trabajamos activamente los valores y la inteligencia emocional, pilares fundamentales de nuestra escuela. En nuestro campus tenemos tanto un equipo internacional como alumnos de todas las partes del mundo. Con ello conseguimos que nuestros campers puedan practicar con nativos el idioma vehicular, realizando t\u00e1ndems de idioma diariamente.<\/p>","protected":false},"excerpt":{"rendered":"<p>Make the payment for the Language Immersion Campus here in a completely secure way.<\/p>","protected":false},"featured_media":4848,"template":"","meta":[],"product_cat":[60],"product_tag":[],"class_list":{"0":"post-6659","1":"product","2":"type-product","3":"status-publish","4":"has-post-thumbnail","6":"product_cat-campamento-lewu","8":"first","9":"instock","10":"sold-individually","11":"shipping-taxable","12":"purchasable","13":"product-type-variable","14":"cpw-product"},"yoast_head":"<!-- This site is optimized with the Yoast SEO plugin v23.5 - https:\/\/yoast.com\/wordpress\/plugins\/seo\/ -->\n<title>Inscripci\u00f3n Campamento - Lewu<\/title>\n<meta name=\"robots\" content=\"index, follow, max-snippet:-1, max-image-preview:large, max-video-preview:-1\" \/>\n<link rel=\"canonical\" href=\"https:\/\/lewu.es\/en\/product\/camp-registration\/\" \/>\n<meta property=\"og:locale\" content=\"en_GB\" \/>\n<meta property=\"og:type\" content=\"article\" \/>\n<meta property=\"og:title\" content=\"Inscripci\u00f3n Campamento - Lewu\" \/>\n<meta property=\"og:description\" content=\"Realiza aqu\u00ed el pago para el Campus de inmersi\u00f3n ling\u00fc\u00edstica de forma totalmente segura.\" \/>\n<meta property=\"og:url\" content=\"https:\/\/lewu.es\/en\/product\/camp-registration\/\" \/>\n<meta property=\"og:site_name\" content=\"Lewu\" \/>\n<meta property=\"article:publisher\" content=\"https:\/\/www.facebook.com\/lewusummercamp\/\" \/>\n<meta property=\"article:modified_time\" content=\"2024-02-23T11:21:41+00:00\" \/>\n<meta property=\"og:image\" content=\"https:\/\/lewu.es\/wp-content\/uploads\/2022\/11\/IMG-20220720-WA0018.jpg\" \/>\n\t<meta property=\"og:image:width\" content=\"1600\" \/>\n\t<meta property=\"og:image:height\" content=\"1200\" \/>\n\t<meta property=\"og:image:type\" content=\"image\/jpeg\" \/>\n<meta name=\"twitter:card\" content=\"summary_large_image\" \/>\n<meta name=\"twitter:label1\" content=\"Estimated reading time\" \/>\n\t<meta name=\"twitter:data1\" content=\"1 minute\" \/>\n<script type=\"application\/ld+json\" class=\"yoast-schema-graph\">{\"@context\":\"https:\/\/schema.org\",\"@graph\":[{\"@type\":\"WebPage\",\"@id\":\"https:\/\/lewu.es\/producto\/inscripcion-campamento\/\",\"url\":\"https:\/\/lewu.es\/producto\/inscripcion-campamento\/\",\"name\":\"Inscripci\u00f3n Campamento - Lewu\",\"isPartOf\":{\"@id\":\"https:\/\/lewu.es\/#website\"},\"primaryImageOfPage\":{\"@id\":\"https:\/\/lewu.es\/producto\/inscripcion-campamento\/#primaryimage\"},\"image\":{\"@id\":\"https:\/\/lewu.es\/producto\/inscripcion-campamento\/#primaryimage\"},\"thumbnailUrl\":\"https:\/\/lewu.es\/wp-content\/uploads\/2022\/11\/IMG-20220720-WA0018.jpg\",\"datePublished\":\"2023-02-16T07:48:42+00:00\",\"dateModified\":\"2024-02-23T11:21:41+00:00\",\"breadcrumb\":{\"@id\":\"https:\/\/lewu.es\/producto\/inscripcion-campamento\/#breadcrumb\"},\"inLanguage\":\"en-GB\",\"potentialAction\":[{\"@type\":\"ReadAction\",\"target\":[\"https:\/\/lewu.es\/producto\/inscripcion-campamento\/\"]}]},{\"@type\":\"ImageObject\",\"inLanguage\":\"en-GB\",\"@id\":\"https:\/\/lewu.es\/producto\/inscripcion-campamento\/#primaryimage\",\"url\":\"https:\/\/lewu.es\/wp-content\/uploads\/2022\/11\/IMG-20220720-WA0018.jpg\",\"contentUrl\":\"https:\/\/lewu.es\/wp-content\/uploads\/2022\/11\/IMG-20220720-WA0018.jpg\",\"width\":1600,\"height\":1200},{\"@type\":\"BreadcrumbList\",\"@id\":\"https:\/\/lewu.es\/producto\/inscripcion-campamento\/#breadcrumb\",\"itemListElement\":[{\"@type\":\"ListItem\",\"position\":1,\"name\":\"Home\",\"item\":\"https:\/\/lewu.es\/\"},{\"@type\":\"ListItem\",\"position\":2,\"name\":\"Tienda\",\"item\":\"https:\/\/lewu.es\/tienda\/\"},{\"@type\":\"ListItem\",\"position\":3,\"name\":\"Inscripci\u00f3n Campamento\"}]},{\"@type\":\"WebSite\",\"@id\":\"https:\/\/lewu.es\/#website\",\"url\":\"https:\/\/lewu.es\/\",\"name\":\"Lewu\",\"description\":\"Cursos y campamentos de ingl\u00e9s o espa\u00f1ol para extranjeros\",\"publisher\":{\"@id\":\"https:\/\/lewu.es\/#organization\"},\"alternateName\":\"Lewu\",\"potentialAction\":[{\"@type\":\"SearchAction\",\"target\":{\"@type\":\"EntryPoint\",\"urlTemplate\":\"https:\/\/lewu.es\/?s={search_term_string}\"},\"query-input\":{\"@type\":\"PropertyValueSpecification\",\"valueRequired\":true,\"valueName\":\"search_term_string\"}}],\"inLanguage\":\"en-GB\"},{\"@type\":\"Organization\",\"@id\":\"https:\/\/lewu.es\/#organization\",\"name\":\"Lewu\",\"alternateName\":\"Lewu\",\"url\":\"https:\/\/lewu.es\/\",\"logo\":{\"@type\":\"ImageObject\",\"inLanguage\":\"en-GB\",\"@id\":\"https:\/\/lewu.es\/#\/schema\/logo\/image\/\",\"url\":\"https:\/\/lewu.es\/wp-content\/uploads\/2019\/10\/lOGO-Lewu-NUEVO-3.jpg\",\"contentUrl\":\"https:\/\/lewu.es\/wp-content\/uploads\/2019\/10\/lOGO-Lewu-NUEVO-3.jpg\",\"width\":879,\"height\":879,\"caption\":\"Lewu\"},\"image\":{\"@id\":\"https:\/\/lewu.es\/#\/schema\/logo\/image\/\"},\"sameAs\":[\"https:\/\/www.facebook.com\/lewusummercamp\/\",\"https:\/\/www.instagram.com\/lewulearnandenjoywithus\/\"]}]}<\/script>\n<!-- \/ Yoast SEO plugin. -->","yoast_head_json":{"title":"Inscripci\u00f3n Campamento - Lewu","robots":{"index":"index","follow":"follow","max-snippet":"max-snippet:-1","max-image-preview":"max-image-preview:large","max-video-preview":"max-video-preview:-1"},"canonical":"https:\/\/lewu.es\/en\/product\/camp-registration\/","og_locale":"en_GB","og_type":"article","og_title":"Inscripci\u00f3n Campamento - Lewu","og_description":"Realiza aqu\u00ed el pago para el Campus de inmersi\u00f3n ling\u00fc\u00edstica de forma totalmente segura.","og_url":"https:\/\/lewu.es\/en\/product\/camp-registration\/","og_site_name":"Lewu","article_publisher":"https:\/\/www.facebook.com\/lewusummercamp\/","article_modified_time":"2024-02-23T11:21:41+00:00","og_image":[{"width":1600,"height":1200,"url":"https:\/\/lewu.es\/wp-content\/uploads\/2022\/11\/IMG-20220720-WA0018.jpg","type":"image\/jpeg"}],"twitter_card":"summary_large_image","twitter_misc":{"Estimated reading time":"1 minute"},"schema":{"@context":"https:\/\/schema.org","@graph":[{"@type":"WebPage","@id":"https:\/\/lewu.es\/producto\/inscripcion-campamento\/","url":"https:\/\/lewu.es\/producto\/inscripcion-campamento\/","name":"Inscripci\u00f3n Campamento - Lewu","isPartOf":{"@id":"https:\/\/lewu.es\/#website"},"primaryImageOfPage":{"@id":"https:\/\/lewu.es\/producto\/inscripcion-campamento\/#primaryimage"},"image":{"@id":"https:\/\/lewu.es\/producto\/inscripcion-campamento\/#primaryimage"},"thumbnailUrl":"https:\/\/lewu.es\/wp-content\/uploads\/2022\/11\/IMG-20220720-WA0018.jpg","datePublished":"2023-02-16T07:48:42+00:00","dateModified":"2024-02-23T11:21:41+00:00","breadcrumb":{"@id":"https:\/\/lewu.es\/producto\/inscripcion-campamento\/#breadcrumb"},"inLanguage":"en-GB","potentialAction":[{"@type":"ReadAction","target":["https:\/\/lewu.es\/producto\/inscripcion-campamento\/"]}]},{"@type":"ImageObject","inLanguage":"en-GB","@id":"https:\/\/lewu.es\/producto\/inscripcion-campamento\/#primaryimage","url":"https:\/\/lewu.es\/wp-content\/uploads\/2022\/11\/IMG-20220720-WA0018.jpg","contentUrl":"https:\/\/lewu.es\/wp-content\/uploads\/2022\/11\/IMG-20220720-WA0018.jpg","width":1600,"height":1200},{"@type":"BreadcrumbList","@id":"https:\/\/lewu.es\/producto\/inscripcion-campamento\/#breadcrumb","itemListElement":[{"@type":"ListItem","position":1,"name":"Home","item":"https:\/\/lewu.es\/"},{"@type":"ListItem","position":2,"name":"Tienda","item":"https:\/\/lewu.es\/tienda\/"},{"@type":"ListItem","position":3,"name":"Inscripci\u00f3n Campamento"}]},{"@type":"WebSite","@id":"https:\/\/lewu.es\/#website","url":"https:\/\/lewu.es\/","name":"Lewu","description":"Cursos y campamentos de ingl\u00e9s o espa\u00f1ol para extranjeros","publisher":{"@id":"https:\/\/lewu.es\/#organization"},"alternateName":"Lewu","potentialAction":[{"@type":"SearchAction","target":{"@type":"EntryPoint","urlTemplate":"https:\/\/lewu.es\/?s={search_term_string}"},"query-input":{"@type":"PropertyValueSpecification","valueRequired":true,"valueName":"search_term_string"}}],"inLanguage":"en-GB"},{"@type":"Organization","@id":"https:\/\/lewu.es\/#organization","name":"Lewu","alternateName":"Lewu","url":"https:\/\/lewu.es\/","logo":{"@type":"ImageObject","inLanguage":"en-GB","@id":"https:\/\/lewu.es\/#\/schema\/logo\/image\/","url":"https:\/\/lewu.es\/wp-content\/uploads\/2019\/10\/lOGO-Lewu-NUEVO-3.jpg","contentUrl":"https:\/\/lewu.es\/wp-content\/uploads\/2019\/10\/lOGO-Lewu-NUEVO-3.jpg","width":879,"height":879,"caption":"Lewu"},"image":{"@id":"https:\/\/lewu.es\/#\/schema\/logo\/image\/"},"sameAs":["https:\/\/www.facebook.com\/lewusummercamp\/","https:\/\/www.instagram.com\/lewulearnandenjoywithus\/"]}]}},"_links":{"self":[{"href":"https:\/\/lewu.es\/en\/wp-json\/wp\/v2\/product\/6659","targetHints":{"allow":["GET"]}}],"collection":[{"href":"https:\/\/lewu.es\/en\/wp-json\/wp\/v2\/product"}],"about":[{"href":"https:\/\/lewu.es\/en\/wp-json\/wp\/v2\/types\/product"}],"wp:featuredmedia":[{"embeddable":true,"href":"https:\/\/lewu.es\/en\/wp-json\/wp\/v2\/media\/4848"}],"wp:attachment":[{"href":"https:\/\/lewu.es\/en\/wp-json\/wp\/v2\/media?parent=6659"}],"wp:term":[{"taxonomy":"product_cat","embeddable":true,"href":"https:\/\/lewu.es\/en\/wp-json\/wp\/v2\/product_cat?post=6659"},{"taxonomy":"product_tag","embeddable":true,"href":"https:\/\/lewu.es\/en\/wp-json\/wp\/v2\/product_tag?post=6659"}],"curies":[{"name":"wp","href":"https:\/\/api.w.org\/{rel}","templated":true}]}}