{"id":8959,"date":"2025-04-28T12:29:32","date_gmt":"2025-04-28T10:29:32","guid":{"rendered":"https:\/\/lewu.es\/?page_id=8959"},"modified":"2026-01-28T15:09:36","modified_gmt":"2026-01-28T14:09:36","slug":"aviso-legal-lend","status":"publish","type":"page","link":"https:\/\/lewu.es\/en\/aviso-legal-lend\/","title":{"rendered":"Aviso Legal &#8211; \u0434\u043b\u044f \u043b\u0435\u043d\u0434"},"content":{"rendered":"<div data-elementor-type=\"wp-page\" data-elementor-id=\"8959\" class=\"elementor elementor-8959\" data-elementor-post-type=\"page\">\n\t\t\t\t\t\t<section class=\"elementor-section elementor-top-section elementor-element elementor-element-d152050 elementor-section-boxed elementor-section-height-default elementor-section-height-default\" data-id=\"d152050\" data-element_type=\"section\" data-settings=\"{&quot;jet_parallax_layout_list&quot;:[]}\">\n\t\t\t\t\t\t<div class=\"elementor-container elementor-column-gap-default\">\n\t\t\t\t\t<div class=\"elementor-column elementor-col-100 elementor-top-column elementor-element elementor-element-995b4d5\" data-id=\"995b4d5\" data-element_type=\"column\">\n\t\t\t<div class=\"elementor-widget-wrap elementor-element-populated\">\n\t\t\t\t\t\t<div class=\"elementor-element elementor-element-46a14e5 elementor-widget elementor-widget-heading\" data-id=\"46a14e5\" data-element_type=\"widget\" data-widget_type=\"heading.default\">\n\t\t\t\t<div class=\"elementor-widget-container\">\n\t\t\t<h1 class=\"elementor-heading-title elementor-size-default\"> <span>Legal warning<\/span><\/h1>\t\t<\/div>\n\t\t\t\t<\/div>\n\t\t\t\t<div class=\"elementor-element elementor-element-313711c elementor-widget elementor-widget-text-editor\" data-id=\"313711c\" data-element_type=\"widget\" data-widget_type=\"text-editor.default\">\n\t\t\t\t<div class=\"elementor-widget-container\">\n\t\t\t\t\t\t\t<p>The owner of the website, in compliance with Law 34\/2002, of July 11, on services of the information society and electronic commerce, informs you that:<\/p><ul><li>Its corporate name is: Racrisrama, Limited Company<\/li><li>CIF\/NIF\/NIE is: B40542748<\/li><li>Its registered office is at: Paseo de la Alameda, number 39, door 13-A, Valencia (Spain)<\/li><li>Registered in the Mercantile Registry of Valencia Volume 10,582 Book 7,863, Folio 19, Section 8, Sheet V-184812.<br \/><br \/><\/li><\/ul><p>To communicate with us, we offer you different means of contact that we detail below:<\/p><ul><li>Phone: 685 510 872<\/li><li>Email: info@lewu.es<\/li><\/ul><p>\u00a0<\/p><p>All notifications and communications between the users and the owners of the website will be considered effective, for all purposes, when they are made through postal mail or any other means detailed above.<\/p>\t\t\t\t\t\t<\/div>\n\t\t\t\t<\/div>\n\t\t\t\t\t<\/div>\n\t\t<\/div>\n\t\t\t\t\t<\/div>\n\t\t<\/section>\n\t\t\t\t<\/div>","protected":false},"excerpt":{"rendered":"<p>Aviso Legal El propietario de la web, en cumplimiento de la Ley 34\/2002, de 11 de julio, de servicios de la sociedad de la informaci\u00f3n y de comercio electr\u00f3nico, le informa que: ghostwriting hausarbeit Su denominaci\u00f3n social es: Racrisrama, Sociedad Limitada CIF\/NIF\/NIE es: B40542748 Su domicilio social est\u00e1 en: paseo de la Alameda, n\u00famero 39, [&hellip;]<\/p>","protected":false},"author":14,"featured_media":0,"parent":0,"menu_order":0,"comment_status":"closed","ping_status":"closed","template":"elementor_canvas","meta":{"footnotes":""},"class_list":["post-8959","page","type-page","status-publish","hentry"],"yoast_head":"<!-- This site is optimized with the Yoast SEO plugin v23.5 - https:\/\/yoast.com\/wordpress\/plugins\/seo\/ -->\n<title>Aviso Legal - \u0434\u043b\u044f \u043b\u0435\u043d\u0434 - Lewu<\/title>\n<meta name=\"robots\" content=\"noindex, follow\" \/>\n<meta property=\"og:locale\" content=\"en_GB\" \/>\n<meta property=\"og:type\" content=\"article\" \/>\n<meta property=\"og:title\" content=\"Aviso Legal - \u0434\u043b\u044f \u043b\u0435\u043d\u0434 - Lewu\" \/>\n<meta property=\"og:description\" content=\"Aviso Legal El propietario de la web, en cumplimiento de la Ley 34\/2002, de 11 de julio, de servicios de la sociedad de la informaci\u00f3n y de comercio electr\u00f3nico, le informa que: ghostwriting hausarbeit Su denominaci\u00f3n social es: Racrisrama, Sociedad Limitada CIF\/NIF\/NIE es: B40542748 Su domicilio social est\u00e1 en: paseo de la Alameda, n\u00famero 39, [&hellip;]\" \/>\n<meta property=\"og:url\" content=\"https:\/\/lewu.es\/en\/aviso-legal-lend\/\" \/>\n<meta property=\"og:site_name\" content=\"Lewu\" \/>\n<meta property=\"article:publisher\" content=\"https:\/\/www.facebook.com\/lewusummercamp\/\" \/>\n<meta property=\"article:modified_time\" content=\"2026-01-28T14:09:36+00:00\" \/>\n<meta name=\"twitter:card\" content=\"summary_large_image\" \/>\n<meta name=\"twitter:label1\" content=\"Estimated reading time\" \/>\n\t<meta name=\"twitter:data1\" content=\"1 minute\" \/>\n<script type=\"application\/ld+json\" class=\"yoast-schema-graph\">{\"@context\":\"https:\/\/schema.org\",\"@graph\":[{\"@type\":\"WebPage\",\"@id\":\"https:\/\/lewu.es\/aviso-legal-lend\/\",\"url\":\"https:\/\/lewu.es\/aviso-legal-lend\/\",\"name\":\"Aviso Legal - \u0434\u043b\u044f \u043b\u0435\u043d\u0434 - Lewu\",\"isPartOf\":{\"@id\":\"https:\/\/lewu.es\/#website\"},\"datePublished\":\"2025-04-28T10:29:32+00:00\",\"dateModified\":\"2026-01-28T14:09:36+00:00\",\"breadcrumb\":{\"@id\":\"https:\/\/lewu.es\/aviso-legal-lend\/#breadcrumb\"},\"inLanguage\":\"en-GB\",\"potentialAction\":[{\"@type\":\"ReadAction\",\"target\":[\"https:\/\/lewu.es\/aviso-legal-lend\/\"]}]},{\"@type\":\"BreadcrumbList\",\"@id\":\"https:\/\/lewu.es\/aviso-legal-lend\/#breadcrumb\",\"itemListElement\":[{\"@type\":\"ListItem\",\"position\":1,\"name\":\"Home\",\"item\":\"https:\/\/lewu.es\/\"},{\"@type\":\"ListItem\",\"position\":2,\"name\":\"Aviso Legal &#8211; \u0434\u043b\u044f \u043b\u0435\u043d\u0434\"}]},{\"@type\":\"WebSite\",\"@id\":\"https:\/\/lewu.es\/#website\",\"url\":\"https:\/\/lewu.es\/\",\"name\":\"Lewu\",\"description\":\"Cursos y campamentos de ingl\u00e9s o espa\u00f1ol para extranjeros\",\"publisher\":{\"@id\":\"https:\/\/lewu.es\/#organization\"},\"alternateName\":\"Lewu\",\"potentialAction\":[{\"@type\":\"SearchAction\",\"target\":{\"@type\":\"EntryPoint\",\"urlTemplate\":\"https:\/\/lewu.es\/?s={search_term_string}\"},\"query-input\":{\"@type\":\"PropertyValueSpecification\",\"valueRequired\":true,\"valueName\":\"search_term_string\"}}],\"inLanguage\":\"en-GB\"},{\"@type\":\"Organization\",\"@id\":\"https:\/\/lewu.es\/#organization\",\"name\":\"Lewu\",\"alternateName\":\"Lewu\",\"url\":\"https:\/\/lewu.es\/\",\"logo\":{\"@type\":\"ImageObject\",\"inLanguage\":\"en-GB\",\"@id\":\"https:\/\/lewu.es\/#\/schema\/logo\/image\/\",\"url\":\"https:\/\/lewu.es\/wp-content\/uploads\/2019\/10\/lOGO-Lewu-NUEVO-3.jpg\",\"contentUrl\":\"https:\/\/lewu.es\/wp-content\/uploads\/2019\/10\/lOGO-Lewu-NUEVO-3.jpg\",\"width\":879,\"height\":879,\"caption\":\"Lewu\"},\"image\":{\"@id\":\"https:\/\/lewu.es\/#\/schema\/logo\/image\/\"},\"sameAs\":[\"https:\/\/www.facebook.com\/lewusummercamp\/\",\"https:\/\/www.instagram.com\/lewulearnandenjoywithus\/\"]}]}<\/script>\n<!-- \/ Yoast SEO plugin. -->","yoast_head_json":{"title":"Aviso Legal - \u0434\u043b\u044f \u043b\u0435\u043d\u0434 - Lewu","robots":{"index":"noindex","follow":"follow"},"og_locale":"en_GB","og_type":"article","og_title":"Aviso Legal - \u0434\u043b\u044f \u043b\u0435\u043d\u0434 - Lewu","og_description":"Aviso Legal El propietario de la web, en cumplimiento de la Ley 34\/2002, de 11 de julio, de servicios de la sociedad de la informaci\u00f3n y de comercio electr\u00f3nico, le informa que: ghostwriting hausarbeit Su denominaci\u00f3n social es: Racrisrama, Sociedad Limitada CIF\/NIF\/NIE es: B40542748 Su domicilio social est\u00e1 en: paseo de la Alameda, n\u00famero 39, [&hellip;]","og_url":"https:\/\/lewu.es\/en\/aviso-legal-lend\/","og_site_name":"Lewu","article_publisher":"https:\/\/www.facebook.com\/lewusummercamp\/","article_modified_time":"2026-01-28T14:09:36+00:00","twitter_card":"summary_large_image","twitter_misc":{"Estimated reading time":"1 minute"},"schema":{"@context":"https:\/\/schema.org","@graph":[{"@type":"WebPage","@id":"https:\/\/lewu.es\/aviso-legal-lend\/","url":"https:\/\/lewu.es\/aviso-legal-lend\/","name":"Aviso Legal - \u0434\u043b\u044f \u043b\u0435\u043d\u0434 - Lewu","isPartOf":{"@id":"https:\/\/lewu.es\/#website"},"datePublished":"2025-04-28T10:29:32+00:00","dateModified":"2026-01-28T14:09:36+00:00","breadcrumb":{"@id":"https:\/\/lewu.es\/aviso-legal-lend\/#breadcrumb"},"inLanguage":"en-GB","potentialAction":[{"@type":"ReadAction","target":["https:\/\/lewu.es\/aviso-legal-lend\/"]}]},{"@type":"BreadcrumbList","@id":"https:\/\/lewu.es\/aviso-legal-lend\/#breadcrumb","itemListElement":[{"@type":"ListItem","position":1,"name":"Home","item":"https:\/\/lewu.es\/"},{"@type":"ListItem","position":2,"name":"Aviso Legal &#8211; \u0434\u043b\u044f \u043b\u0435\u043d\u0434"}]},{"@type":"WebSite","@id":"https:\/\/lewu.es\/#website","url":"https:\/\/lewu.es\/","name":"Lewu","description":"Cursos y campamentos de ingl\u00e9s o espa\u00f1ol para extranjeros","publisher":{"@id":"https:\/\/lewu.es\/#organization"},"alternateName":"Lewu","potentialAction":[{"@type":"SearchAction","target":{"@type":"EntryPoint","urlTemplate":"https:\/\/lewu.es\/?s={search_term_string}"},"query-input":{"@type":"PropertyValueSpecification","valueRequired":true,"valueName":"search_term_string"}}],"inLanguage":"en-GB"},{"@type":"Organization","@id":"https:\/\/lewu.es\/#organization","name":"Lewu","alternateName":"Lewu","url":"https:\/\/lewu.es\/","logo":{"@type":"ImageObject","inLanguage":"en-GB","@id":"https:\/\/lewu.es\/#\/schema\/logo\/image\/","url":"https:\/\/lewu.es\/wp-content\/uploads\/2019\/10\/lOGO-Lewu-NUEVO-3.jpg","contentUrl":"https:\/\/lewu.es\/wp-content\/uploads\/2019\/10\/lOGO-Lewu-NUEVO-3.jpg","width":879,"height":879,"caption":"Lewu"},"image":{"@id":"https:\/\/lewu.es\/#\/schema\/logo\/image\/"},"sameAs":["https:\/\/www.facebook.com\/lewusummercamp\/","https:\/\/www.instagram.com\/lewulearnandenjoywithus\/"]}]}},"_links":{"self":[{"href":"https:\/\/lewu.es\/en\/wp-json\/wp\/v2\/pages\/8959","targetHints":{"allow":["GET"]}}],"collection":[{"href":"https:\/\/lewu.es\/en\/wp-json\/wp\/v2\/pages"}],"about":[{"href":"https:\/\/lewu.es\/en\/wp-json\/wp\/v2\/types\/page"}],"author":[{"embeddable":true,"href":"https:\/\/lewu.es\/en\/wp-json\/wp\/v2\/users\/14"}],"replies":[{"embeddable":true,"href":"https:\/\/lewu.es\/en\/wp-json\/wp\/v2\/comments?post=8959"}],"version-history":[{"count":5,"href":"https:\/\/lewu.es\/en\/wp-json\/wp\/v2\/pages\/8959\/revisions"}],"predecessor-version":[{"id":11005,"href":"https:\/\/lewu.es\/en\/wp-json\/wp\/v2\/pages\/8959\/revisions\/11005"}],"wp:attachment":[{"href":"https:\/\/lewu.es\/en\/wp-json\/wp\/v2\/media?parent=8959"}],"curies":[{"name":"wp","href":"https:\/\/api.w.org\/{rel}","templated":true}]}}