{"id":7584,"date":"2023-09-26T14:57:30","date_gmt":"2023-09-26T12:57:30","guid":{"rendered":"https:\/\/lewu.es\/?page_id=7584"},"modified":"2026-01-28T15:09:50","modified_gmt":"2026-01-28T14:09:50","slug":"gracias-catalogo","status":"publish","type":"page","link":"https:\/\/lewu.es\/en\/lewu-camps\/thanks-catalog\/","title":{"rendered":"Thanks catalog"},"content":{"rendered":"<div data-elementor-type=\"wp-page\" data-elementor-id=\"7584\" class=\"elementor elementor-7584\" data-elementor-post-type=\"page\">\n\t\t\t\t\t\t<section class=\"elementor-section elementor-top-section elementor-element elementor-element-27db661 elementor-section-height-min-height elementor-section-boxed elementor-section-height-default elementor-section-items-middle\" data-id=\"27db661\" data-element_type=\"section\" data-settings=\"{&quot;jet_parallax_layout_list&quot;:[],&quot;background_background&quot;:&quot;classic&quot;}\">\n\t\t\t\t\t\t<div class=\"elementor-container elementor-column-gap-default\">\n\t\t\t\t\t<div class=\"elementor-column elementor-col-100 elementor-top-column elementor-element elementor-element-361477c\" data-id=\"361477c\" data-element_type=\"column\" data-settings=\"{&quot;background_background&quot;:&quot;classic&quot;}\">\n\t\t\t<div class=\"elementor-widget-wrap elementor-element-populated\">\n\t\t\t\t\t\t<div class=\"elementor-element elementor-element-16e8203 elementor-widget elementor-widget-heading\" data-id=\"16e8203\" data-element_type=\"widget\" data-widget_type=\"heading.default\">\n\t\t\t\t<div class=\"elementor-widget-container\">\n\t\t\t<h2 class=\"elementor-heading-title elementor-size-default\">oh<span class=\"highlight\">Thank you<\/span> for your interest in our camps!<\/h2>\t\t<\/div>\n\t\t\t\t<\/div>\n\t\t\t\t<div class=\"elementor-element elementor-element-cc448eb elementor-widget elementor-widget-text-editor\" data-id=\"cc448eb\" data-element_type=\"widget\" data-widget_type=\"text-editor.default\">\n\t\t\t\t<div class=\"elementor-widget-container\">\n\t\t\t\t\t\t\t<p>We will send you detailed information about our camps to your email as soon as possible. <\/p><p>In the meantime, you can continue discovering Lewu on our website.<\/p>\t\t\t\t\t\t<\/div>\n\t\t\t\t<\/div>\n\t\t\t\t<div class=\"elementor-element elementor-element-ac0c4bc elementor-align-center elementor-widget elementor-widget-button\" data-id=\"ac0c4bc\" data-element_type=\"widget\" data-widget_type=\"button.default\">\n\t\t\t\t<div class=\"elementor-widget-container\">\n\t\t\t\t\t<div class=\"elementor-button-wrapper\">\n\t\t\t<a class=\"elementor-button elementor-button-link elementor-size-md\" href=\"https:\/\/lewu.es\/en\/\">\n\t\t\t\t\t\t<span class=\"elementor-button-content-wrapper\">\n\t\t\t\t\t\t\t\t\t<span class=\"elementor-button-text\">Return to main page<\/span>\n\t\t\t\t\t<\/span>\n\t\t\t\t\t<\/a>\n\t\t<\/div>\n\t\t\t\t<\/div>\n\t\t\t\t<\/div>\n\t\t\t\t\t<\/div>\n\t\t<\/div>\n\t\t\t\t\t<\/div>\n\t\t<\/section>\n\t\t\t\t<\/div>","protected":false},"excerpt":{"rendered":"<p>\u00a1Muchas gracias por interesarte en nuestros campamentos! Te mandaremos la informaci\u00f3n detallada de nuestros campamentos a tu correo electr\u00f3nico a la mayor brevedad. ghostwriter agentur Mientras, puedes seguir descubriendo Lewu en nuestra Web. Volver a la p\u00e1gina principal<\/p>","protected":false},"author":2,"featured_media":0,"parent":5040,"menu_order":0,"comment_status":"closed","ping_status":"closed","template":"elementor_header_footer","meta":{"footnotes":""},"class_list":["post-7584","page","type-page","status-publish","hentry"],"yoast_head":"<!-- This site is optimized with the Yoast SEO plugin v23.5 - https:\/\/yoast.com\/wordpress\/plugins\/seo\/ -->\n<title>Gracias cat\u00e1logo - Lewu<\/title>\n<meta name=\"robots\" content=\"index, follow, max-snippet:-1, max-image-preview:large, max-video-preview:-1\" \/>\n<link rel=\"canonical\" href=\"https:\/\/lewu.es\/en\/lewu-camps\/thanks-catalog\/\" \/>\n<meta property=\"og:locale\" content=\"en_GB\" \/>\n<meta property=\"og:type\" content=\"article\" \/>\n<meta property=\"og:title\" content=\"Gracias cat\u00e1logo - Lewu\" \/>\n<meta property=\"og:description\" content=\"\u00a1Muchas gracias por interesarte en nuestros campamentos! Te mandaremos la informaci\u00f3n detallada de nuestros campamentos a tu correo electr\u00f3nico a la mayor brevedad. ghostwriter agentur Mientras, puedes seguir descubriendo Lewu en nuestra Web. Volver a la p\u00e1gina principal\" \/>\n<meta property=\"og:url\" content=\"https:\/\/lewu.es\/en\/lewu-camps\/thanks-catalog\/\" \/>\n<meta property=\"og:site_name\" content=\"Lewu\" \/>\n<meta property=\"article:publisher\" content=\"https:\/\/www.facebook.com\/lewusummercamp\/\" \/>\n<meta property=\"article:modified_time\" content=\"2026-01-28T14:09:50+00:00\" \/>\n<meta name=\"twitter:card\" content=\"summary_large_image\" \/>\n<meta name=\"twitter:label1\" content=\"Estimated reading time\" \/>\n\t<meta name=\"twitter:data1\" content=\"1 minute\" \/>\n<script type=\"application\/ld+json\" class=\"yoast-schema-graph\">{\"@context\":\"https:\/\/schema.org\",\"@graph\":[{\"@type\":\"WebPage\",\"@id\":\"https:\/\/lewu.es\/campamentos-lewu\/gracias-catalogo\/\",\"url\":\"https:\/\/lewu.es\/campamentos-lewu\/gracias-catalogo\/\",\"name\":\"Gracias cat\u00e1logo - Lewu\",\"isPartOf\":{\"@id\":\"https:\/\/lewu.es\/#website\"},\"datePublished\":\"2023-09-26T12:57:30+00:00\",\"dateModified\":\"2026-01-28T14:09:50+00:00\",\"breadcrumb\":{\"@id\":\"https:\/\/lewu.es\/campamentos-lewu\/gracias-catalogo\/#breadcrumb\"},\"inLanguage\":\"en-GB\",\"potentialAction\":[{\"@type\":\"ReadAction\",\"target\":[\"https:\/\/lewu.es\/campamentos-lewu\/gracias-catalogo\/\"]}]},{\"@type\":\"BreadcrumbList\",\"@id\":\"https:\/\/lewu.es\/campamentos-lewu\/gracias-catalogo\/#breadcrumb\",\"itemListElement\":[{\"@type\":\"ListItem\",\"position\":1,\"name\":\"Home\",\"item\":\"https:\/\/lewu.es\/\"},{\"@type\":\"ListItem\",\"position\":2,\"name\":\"Campamentos Lewu\",\"item\":\"https:\/\/lewu.es\/campamentos-lewu\/\"},{\"@type\":\"ListItem\",\"position\":3,\"name\":\"Gracias cat\u00e1logo\"}]},{\"@type\":\"WebSite\",\"@id\":\"https:\/\/lewu.es\/#website\",\"url\":\"https:\/\/lewu.es\/\",\"name\":\"Lewu\",\"description\":\"Cursos y campamentos de ingl\u00e9s o espa\u00f1ol para extranjeros\",\"publisher\":{\"@id\":\"https:\/\/lewu.es\/#organization\"},\"alternateName\":\"Lewu\",\"potentialAction\":[{\"@type\":\"SearchAction\",\"target\":{\"@type\":\"EntryPoint\",\"urlTemplate\":\"https:\/\/lewu.es\/?s={search_term_string}\"},\"query-input\":{\"@type\":\"PropertyValueSpecification\",\"valueRequired\":true,\"valueName\":\"search_term_string\"}}],\"inLanguage\":\"en-GB\"},{\"@type\":\"Organization\",\"@id\":\"https:\/\/lewu.es\/#organization\",\"name\":\"Lewu\",\"alternateName\":\"Lewu\",\"url\":\"https:\/\/lewu.es\/\",\"logo\":{\"@type\":\"ImageObject\",\"inLanguage\":\"en-GB\",\"@id\":\"https:\/\/lewu.es\/#\/schema\/logo\/image\/\",\"url\":\"https:\/\/lewu.es\/wp-content\/uploads\/2019\/10\/lOGO-Lewu-NUEVO-3.jpg\",\"contentUrl\":\"https:\/\/lewu.es\/wp-content\/uploads\/2019\/10\/lOGO-Lewu-NUEVO-3.jpg\",\"width\":879,\"height\":879,\"caption\":\"Lewu\"},\"image\":{\"@id\":\"https:\/\/lewu.es\/#\/schema\/logo\/image\/\"},\"sameAs\":[\"https:\/\/www.facebook.com\/lewusummercamp\/\",\"https:\/\/www.instagram.com\/lewulearnandenjoywithus\/\"]}]}<\/script>\n<!-- \/ Yoast SEO plugin. -->","yoast_head_json":{"title":"Gracias cat\u00e1logo - Lewu","robots":{"index":"index","follow":"follow","max-snippet":"max-snippet:-1","max-image-preview":"max-image-preview:large","max-video-preview":"max-video-preview:-1"},"canonical":"https:\/\/lewu.es\/en\/lewu-camps\/thanks-catalog\/","og_locale":"en_GB","og_type":"article","og_title":"Gracias cat\u00e1logo - Lewu","og_description":"\u00a1Muchas gracias por interesarte en nuestros campamentos! Te mandaremos la informaci\u00f3n detallada de nuestros campamentos a tu correo electr\u00f3nico a la mayor brevedad. ghostwriter agentur Mientras, puedes seguir descubriendo Lewu en nuestra Web. Volver a la p\u00e1gina principal","og_url":"https:\/\/lewu.es\/en\/lewu-camps\/thanks-catalog\/","og_site_name":"Lewu","article_publisher":"https:\/\/www.facebook.com\/lewusummercamp\/","article_modified_time":"2026-01-28T14:09:50+00:00","twitter_card":"summary_large_image","twitter_misc":{"Estimated reading time":"1 minute"},"schema":{"@context":"https:\/\/schema.org","@graph":[{"@type":"WebPage","@id":"https:\/\/lewu.es\/campamentos-lewu\/gracias-catalogo\/","url":"https:\/\/lewu.es\/campamentos-lewu\/gracias-catalogo\/","name":"Gracias cat\u00e1logo - Lewu","isPartOf":{"@id":"https:\/\/lewu.es\/#website"},"datePublished":"2023-09-26T12:57:30+00:00","dateModified":"2026-01-28T14:09:50+00:00","breadcrumb":{"@id":"https:\/\/lewu.es\/campamentos-lewu\/gracias-catalogo\/#breadcrumb"},"inLanguage":"en-GB","potentialAction":[{"@type":"ReadAction","target":["https:\/\/lewu.es\/campamentos-lewu\/gracias-catalogo\/"]}]},{"@type":"BreadcrumbList","@id":"https:\/\/lewu.es\/campamentos-lewu\/gracias-catalogo\/#breadcrumb","itemListElement":[{"@type":"ListItem","position":1,"name":"Home","item":"https:\/\/lewu.es\/"},{"@type":"ListItem","position":2,"name":"Campamentos Lewu","item":"https:\/\/lewu.es\/campamentos-lewu\/"},{"@type":"ListItem","position":3,"name":"Gracias cat\u00e1logo"}]},{"@type":"WebSite","@id":"https:\/\/lewu.es\/#website","url":"https:\/\/lewu.es\/","name":"Lewu","description":"Cursos y campamentos de ingl\u00e9s o espa\u00f1ol para extranjeros","publisher":{"@id":"https:\/\/lewu.es\/#organization"},"alternateName":"Lewu","potentialAction":[{"@type":"SearchAction","target":{"@type":"EntryPoint","urlTemplate":"https:\/\/lewu.es\/?s={search_term_string}"},"query-input":{"@type":"PropertyValueSpecification","valueRequired":true,"valueName":"search_term_string"}}],"inLanguage":"en-GB"},{"@type":"Organization","@id":"https:\/\/lewu.es\/#organization","name":"Lewu","alternateName":"Lewu","url":"https:\/\/lewu.es\/","logo":{"@type":"ImageObject","inLanguage":"en-GB","@id":"https:\/\/lewu.es\/#\/schema\/logo\/image\/","url":"https:\/\/lewu.es\/wp-content\/uploads\/2019\/10\/lOGO-Lewu-NUEVO-3.jpg","contentUrl":"https:\/\/lewu.es\/wp-content\/uploads\/2019\/10\/lOGO-Lewu-NUEVO-3.jpg","width":879,"height":879,"caption":"Lewu"},"image":{"@id":"https:\/\/lewu.es\/#\/schema\/logo\/image\/"},"sameAs":["https:\/\/www.facebook.com\/lewusummercamp\/","https:\/\/www.instagram.com\/lewulearnandenjoywithus\/"]}]}},"_links":{"self":[{"href":"https:\/\/lewu.es\/en\/wp-json\/wp\/v2\/pages\/7584","targetHints":{"allow":["GET"]}}],"collection":[{"href":"https:\/\/lewu.es\/en\/wp-json\/wp\/v2\/pages"}],"about":[{"href":"https:\/\/lewu.es\/en\/wp-json\/wp\/v2\/types\/page"}],"author":[{"embeddable":true,"href":"https:\/\/lewu.es\/en\/wp-json\/wp\/v2\/users\/2"}],"replies":[{"embeddable":true,"href":"https:\/\/lewu.es\/en\/wp-json\/wp\/v2\/comments?post=7584"}],"version-history":[{"count":6,"href":"https:\/\/lewu.es\/en\/wp-json\/wp\/v2\/pages\/7584\/revisions"}],"predecessor-version":[{"id":11010,"href":"https:\/\/lewu.es\/en\/wp-json\/wp\/v2\/pages\/7584\/revisions\/11010"}],"up":[{"embeddable":true,"href":"https:\/\/lewu.es\/en\/wp-json\/wp\/v2\/pages\/5040"}],"wp:attachment":[{"href":"https:\/\/lewu.es\/en\/wp-json\/wp\/v2\/media?parent=7584"}],"curies":[{"name":"wp","href":"https:\/\/api.w.org\/{rel}","templated":true}]}}