{"id":5095,"date":"2023-01-09T14:17:19","date_gmt":"2023-01-09T13:17:19","guid":{"rendered":"https:\/\/lewu.es\/?page_id=5095"},"modified":"2023-01-26T11:27:16","modified_gmt":"2023-01-26T10:27:16","slug":"politica-de-privacidad","status":"publish","type":"page","link":"https:\/\/lewu.es\/en\/privacy-policy\/","title":{"rendered":"Privacy Policy"},"content":{"rendered":"<div data-elementor-type=\"wp-page\" data-elementor-id=\"5095\" class=\"elementor elementor-5095\" data-elementor-post-type=\"page\">\n\t\t\t\t\t\t<section class=\"elementor-section elementor-top-section elementor-element elementor-element-5366428 elementor-section-boxed elementor-section-height-default elementor-section-height-default\" data-id=\"5366428\" data-element_type=\"section\" data-settings=\"{&quot;jet_parallax_layout_list&quot;:[]}\">\n\t\t\t\t\t\t<div class=\"elementor-container elementor-column-gap-default\">\n\t\t\t\t\t<div class=\"elementor-column elementor-col-100 elementor-top-column elementor-element elementor-element-000c5e6\" data-id=\"000c5e6\" data-element_type=\"column\">\n\t\t\t<div class=\"elementor-widget-wrap elementor-element-populated\">\n\t\t\t\t\t\t<div class=\"elementor-element elementor-element-dd9640b elementor-widget elementor-widget-heading\" data-id=\"dd9640b\" data-element_type=\"widget\" data-widget_type=\"heading.default\">\n\t\t\t\t<div class=\"elementor-widget-container\">\n\t\t\t<h1 class=\"elementor-heading-title elementor-size-default\"> <span class=\"highlight\">Privacy Policy<\/span><\/h1>\t\t<\/div>\n\t\t\t\t<\/div>\n\t\t\t\t<div class=\"elementor-element elementor-element-a565c38 elementor-widget elementor-widget-heading\" data-id=\"a565c38\" data-element_type=\"widget\" data-widget_type=\"heading.default\">\n\t\t\t\t<div class=\"elementor-widget-container\">\n\t\t\t<h2 class=\"elementor-heading-title elementor-size-default\">1. Who is the Data Controller?<\/h2>\t\t<\/div>\n\t\t\t\t<\/div>\n\t\t\t\t<div class=\"elementor-element elementor-element-37bb693 elementor-widget elementor-widget-text-editor\" data-id=\"37bb693\" data-element_type=\"widget\" data-widget_type=\"text-editor.default\">\n\t\t\t\t<div class=\"elementor-widget-container\">\n\t\t\t\t\t\t\t\n\nThe data controller is identified in the Legal Notice section of this website and will be referred to as Lewu from now on.\n\t\t\t\t\t\t<\/div>\n\t\t\t\t<\/div>\n\t\t\t\t<div class=\"elementor-element elementor-element-46f7e70 elementor-widget elementor-widget-heading\" data-id=\"46f7e70\" data-element_type=\"widget\" data-widget_type=\"heading.default\">\n\t\t\t\t<div class=\"elementor-widget-container\">\n\t\t\t<h2 class=\"elementor-heading-title elementor-size-default\">2. What kind of data do we have about you and how did we obtain it?<\/h2>\t\t<\/div>\n\t\t\t\t<\/div>\n\t\t\t\t<div class=\"elementor-element elementor-element-e9fafc4 elementor-widget elementor-widget-text-editor\" data-id=\"e9fafc4\" data-element_type=\"widget\" data-widget_type=\"text-editor.default\">\n\t\t\t\t<div class=\"elementor-widget-container\">\n\t\t\t\t\t\t\t<p>The categories of personal data that we process about customers and suppliers are:<\/p><p>1. Identification data<br \/>2. Postal or electronic addresses<br \/>3. Commercial information<br \/>4. Economic and transaction data<\/p><p>We have obtained the data directly from the person who owns them, by virtue of a contractual relationship, a service offer or any other commercial activity that has joined us.<\/p>\t\t\t\t\t\t<\/div>\n\t\t\t\t<\/div>\n\t\t\t\t<div class=\"elementor-element elementor-element-7f0896a elementor-widget elementor-widget-heading\" data-id=\"7f0896a\" data-element_type=\"widget\" data-widget_type=\"heading.default\">\n\t\t\t\t<div class=\"elementor-widget-container\">\n\t\t\t<h2 class=\"elementor-heading-title elementor-size-default\">3. In no case do we process specially protected data?<\/h2>\t\t<\/div>\n\t\t\t\t<\/div>\n\t\t\t\t<div class=\"elementor-element elementor-element-fd36a2e elementor-widget elementor-widget-text-editor\" data-id=\"fd36a2e\" data-element_type=\"widget\" data-widget_type=\"text-editor.default\">\n\t\t\t\t<div class=\"elementor-widget-container\">\n\t\t\t\t\t\t\t\n\nAll the data mentioned above have been obtained by us or directly from you by submitting a commercial offer, contractual proposal, etc. or through your company by providing us with the identification data and other information necessary to carry out the purpose of the contractual relationship between the parties. It will be your or your company&#039;s obligation to provide us with updated data in case of modification.\n\t\t\t\t\t\t<\/div>\n\t\t\t\t<\/div>\n\t\t\t\t<div class=\"elementor-element elementor-element-ae457c2 elementor-widget elementor-widget-heading\" data-id=\"ae457c2\" data-element_type=\"widget\" data-widget_type=\"heading.default\">\n\t\t\t\t<div class=\"elementor-widget-container\">\n\t\t\t<h2 class=\"elementor-heading-title elementor-size-default\">4. For what purpose do we process your data?<\/h2>\t\t<\/div>\n\t\t\t\t<\/div>\n\t\t\t\t<div class=\"elementor-element elementor-element-c546949 elementor-widget elementor-widget-text-editor\" data-id=\"c546949\" data-element_type=\"widget\" data-widget_type=\"text-editor.default\">\n\t\t\t\t<div class=\"elementor-widget-container\">\n\t\t\t\t\t\t\t<p>We process the data provided by interested persons in order to manage different activities derived from specific procedures carried out in terms of sales, post-sale service, supplier management, quality of services, etc. In this way, we will use your data to carry out any of the following actions:<\/p><p>I. Sending the information requested through the contact form on our website or any other means of contact with our company<br \/>II. Provide both potential customers and our customers with offers of products and services of interest to them<br \/>III. Carry out the administrative, fiscal and accounting management of our clients and\/or suppliers<br \/>IV. Carry out satisfaction surveys, market studies, etc. in order to be able to offer you the most appropriate offers and an optimized quality of service, etc.<\/p>\t\t\t\t\t\t<\/div>\n\t\t\t\t<\/div>\n\t\t\t\t<div class=\"elementor-element elementor-element-8489ec6 elementor-widget elementor-widget-heading\" data-id=\"8489ec6\" data-element_type=\"widget\" data-widget_type=\"heading.default\">\n\t\t\t\t<div class=\"elementor-widget-container\">\n\t\t\t<h2 class=\"elementor-heading-title elementor-size-default\">5. How long will we keep your data?<\/h2>\t\t<\/div>\n\t\t\t\t<\/div>\n\t\t\t\t<div class=\"elementor-element elementor-element-cf77bfd elementor-widget elementor-widget-text-editor\" data-id=\"cf77bfd\" data-element_type=\"widget\" data-widget_type=\"text-editor.default\">\n\t\t\t\t<div class=\"elementor-widget-container\">\n\t\t\t\t\t\t\t<p>The personal data relating to natural persons linked to potential clients, clients and suppliers that we collect through the different contact and\/or information collection forms will be kept as long as their deletion is not requested by the interested party. The data provided by our clients and suppliers will be kept as long as the commercial relationship between the parties is maintained, respecting in any case the minimum legal retention periods according to the matter.<\/p><p>In any case, we will keep your personal data for the period of time that is reasonably necessary taking into account our needs to respond to questions that arise or solve problems, make improvements, activate new services and comply with the requirements that the applicable legislation demands. This means that we may retain your personal data for a reasonable period of time even after you have stopped using our products or have stopped using this website. After this period, your personal data will be deleted from all our systems.<\/p>\t\t\t\t\t\t<\/div>\n\t\t\t\t<\/div>\n\t\t\t\t<div class=\"elementor-element elementor-element-b7ef4cd elementor-widget elementor-widget-heading\" data-id=\"b7ef4cd\" data-element_type=\"widget\" data-widget_type=\"heading.default\">\n\t\t\t\t<div class=\"elementor-widget-container\">\n\t\t\t<h2 class=\"elementor-heading-title elementor-size-default\">6. What is the legal basis for the processing of your data?<\/h2>\t\t<\/div>\n\t\t\t\t<\/div>\n\t\t\t\t<div class=\"elementor-element elementor-element-f5c35f3 elementor-widget elementor-widget-text-editor\" data-id=\"f5c35f3\" data-element_type=\"widget\" data-widget_type=\"text-editor.default\">\n\t\t\t\t<div class=\"elementor-widget-container\">\n\t\t\t\t\t\t\t<div class=\"vc_tta-panel-body\"><div class=\"wpb_text_column wpb_content_element\"><div class=\"wpb_wrapper\"><div id=\"main\" class=\"clearfix\"><div id=\"container\" class=\"no-sidebar\"><div id=\"content\"><article id=\"post-2888\" class=\"clearfix post-2888 page type-page status-publish has-post-thumbnail\" role=\"article\"><div class=\"entry-content clearfix\"><section class=\"wpb_row main_row no-separator\"><div class=\"row_content\"><div class=\"row-inner\"><div class=\"vc_col-sm-12 wpb_column vc_column_container clearfix\"><div class=\"vc_column-inner\"><div class=\"wpb_wrapper\"><div class=\"wpb_text_column wpb_content_element\"><div class=\"wpb_wrapper\"><p>According to the type of data processing, the basis of legitimation is the following:<\/p><table border=\"1\" width=\"654\" cellspacing=\"0\" cellpadding=\"8\"><colgroup> <col width=\"310\" \/> <col width=\"310\" \/><\/colgroup><tbody><tr valign=\"TOP\"><td width=\"310\"><p align=\"CENTER\">TREATMENT<\/p><\/td><td width=\"310\"><p align=\"CENTER\">LEGITIMIZATION BASIS<\/p><\/td><\/tr><tr valign=\"TOP\"><td width=\"310\"><p align=\"left\"><strong>Accounting Management:<\/strong>\u00a0billing management with customers and \/ or suppliers.<\/p><\/td><td width=\"310\"><p align=\"left\">Maintenance, development and control of the contractual relationship between the parties.<\/p><\/td><\/tr><tr valign=\"TOP\"><td width=\"310\"><p align=\"left\"><strong>Fiscal management:<\/strong>\u00a0application of withholdings, bonuses, etc.<\/p><\/td><td width=\"310\"><p align=\"left\">Maintenance, development and control of the<br \/>contractual relationship between the parties. Compliance with legal obligations.<\/p><\/td><\/tr><tr valign=\"TOP\"><td width=\"310\"><p align=\"left\"><strong>Administrative management:<\/strong>\u00a0Management<br \/>logistics, warehouse, deliveries to the customer, receipt of goods, etc.<\/p><\/td><td width=\"310\"><p align=\"left\">Maintenance, development and control of the<br \/>contractual relationship between the parties.<\/p><\/td><\/tr><tr valign=\"TOP\"><td width=\"310\"><p align=\"left\"><strong>Marketing:<\/strong>\u00a0Commercial actions on our products or services aimed at our clients or those people who have requested related information from us in the past, including the completion of customer satisfaction surveys.<\/p><\/td><td width=\"310\"><p align=\"left\">Free and unequivocal consent of the interested party (potential clients), we point out that the withdrawal of this consent can in no case condition the execution of the contract between the parties; legitimate interest of the company in the promotion and marketing of products or services similar to those obtained or requested by interested parties in the past.<\/p><\/td><\/tr><\/tbody><\/table><p lang=\"es-ES\" align=\"JUSTIFY\">In the event that you do not provide your personal data, it will not be possible to execute your contract, comply with legal obligations or those derived from public authorities.<\/p><\/div><\/div><\/div><\/div><\/div><\/div><\/div><\/section><\/div><\/article><\/div><\/div><\/div><\/div><\/div><\/div>\t\t\t\t\t\t<\/div>\n\t\t\t\t<\/div>\n\t\t\t\t<div class=\"elementor-element elementor-element-011d8f7 elementor-widget elementor-widget-heading\" data-id=\"011d8f7\" data-element_type=\"widget\" data-widget_type=\"heading.default\">\n\t\t\t\t<div class=\"elementor-widget-container\">\n\t\t\t<h2 class=\"elementor-heading-title elementor-size-default\">7. To which recipients will your data be communicated?<\/h2>\t\t<\/div>\n\t\t\t\t<\/div>\n\t\t\t\t<div class=\"elementor-element elementor-element-5a70944 elementor-widget elementor-widget-text-editor\" data-id=\"5a70944\" data-element_type=\"widget\" data-widget_type=\"text-editor.default\">\n\t\t\t\t<div class=\"elementor-widget-container\">\n\t\t\t\t\t\t\t<p>We will not transfer your personal data to any third party company that intends to use it in its direct marketing actions, except in the case that you have expressly authorized us to do so.<\/p><p>We inform you that we can provide your personal data to Public Administration bodies and competent Authorities in those cases in which we are legally required or in cases in which, acting in good faith, we consider that such action is reasonably necessary to comply with a judicial process. ; to answer any claim or legal demand; or to protect the rights of the company or its customers and the general public.<\/p><p>We inform you that your data will not be transferred or communicated to third parties, the company being solely responsible for its treatment and custody.<\/p><p>We will provide your personal data to third parties (eg Internet service providers that help us manage our website or carry out the contracted services, computer support and maintenance companies, logistics companies, agencies and tax and accounting advice, etc.). In any case, these third parties must maintain, at all times, the same security levels as us in relation to your personal data and, when necessary, they will be bound by legal commitments in order to keep your personal data private and secure. , and also to only use the information following specific company instructions.<\/p><p>In any case, we will keep your personal data for the period of time that is reasonably necessary taking into account our needs to respond to questions that arise or solve problems, make improvements, activate new services and comply with the requirements that the applicable legislation demands. This means that we may retain your personal data for a reasonable period of time even after you have stopped using our products or have stopped using this website. After this period, your personal data will be deleted from all our systems.<\/p>\t\t\t\t\t\t<\/div>\n\t\t\t\t<\/div>\n\t\t\t\t<div class=\"elementor-element elementor-element-65e313f elementor-widget elementor-widget-heading\" data-id=\"65e313f\" data-element_type=\"widget\" data-widget_type=\"heading.default\">\n\t\t\t\t<div class=\"elementor-widget-container\">\n\t\t\t<h2 class=\"elementor-heading-title elementor-size-default\">8. Data transfers to third countries?<\/h2>\t\t<\/div>\n\t\t\t\t<\/div>\n\t\t\t\t<div class=\"elementor-element elementor-element-21ce8ed elementor-widget elementor-widget-text-editor\" data-id=\"21ce8ed\" data-element_type=\"widget\" data-widget_type=\"text-editor.default\">\n\t\t\t\t<div class=\"elementor-widget-container\">\n\t\t\t\t\t\t\tData transfers to third countries are not planned.\n\n\n\n\n\n\n\t\t\t\t\t\t<\/div>\n\t\t\t\t<\/div>\n\t\t\t\t<div class=\"elementor-element elementor-element-6d87a5e elementor-widget elementor-widget-heading\" data-id=\"6d87a5e\" data-element_type=\"widget\" data-widget_type=\"heading.default\">\n\t\t\t\t<div class=\"elementor-widget-container\">\n\t\t\t<h2 class=\"elementor-heading-title elementor-size-default\">9. What are your rights as an interested party?<\/h2>\t\t<\/div>\n\t\t\t\t<\/div>\n\t\t\t\t<div class=\"elementor-element elementor-element-0474893 elementor-widget elementor-widget-text-editor\" data-id=\"0474893\" data-element_type=\"widget\" data-widget_type=\"text-editor.default\">\n\t\t\t\t<div class=\"elementor-widget-container\">\n\t\t\t\t\t\t\t<p>Anyone has the right to obtain confirmation as to whether or not we are processing personal data that concerns them.<\/p><p>Specifically, interested persons may request the right of access to their personal data, as well as receive them in a common format and mechanical reading if the treatment is carried out by electronic means (portability right).<\/p><p>Likewise, interested persons may request the right to rectify inaccurate data or, where appropriate, request its deletion when, among other reasons, the data is no longer necessary for the purposes for which it was collected.<\/p><p>In addition, in certain circumstances, the interested parties may request the limitation of the processing of their data, or in certain circumstances and for reasons related to their particular situation, the interested parties may exercise their right to oppose the processing of their data. We will stop processing the data, except for compelling legitimate reasons, or the exercise or defense of possible claims or in those exceptions established in the applicable regulations.<\/p><p>Likewise, we inform you that you have the right to withdraw your consents granted at any time, without affecting the legality of the treatment based on the consent prior to its withdrawal.<\/p><p>Likewise, the User is informed that at any time they can exercise the aforementioned rights by writing to us using the contact information that appears in Exhibit 1 of this Legal Notice, attaching a copy of their ID.<\/p><p>You also have the right to file a claim with the\u00a0<a href=\"http:\/\/www.agpd.es\/portalwebAGPD\/index-ides-idphp.php\" target=\"_blank\" rel=\"noopener\">Spanish Data Protection Agency<\/a>, especially when you have not obtained satisfaction in the exercise of your rights.<\/p><p>On the other hand, in accordance with the provisions of Law 34\/2002, of July 11, on Services of the Information Society and Electronic Commerce, we undertake not to send advertising through email without having first obtained the express recipient&#039;s permission. The User may oppose the sending of advertising by checking the corresponding box.<\/p>\t\t\t\t\t\t<\/div>\n\t\t\t\t<\/div>\n\t\t\t\t\t<\/div>\n\t\t<\/div>\n\t\t\t\t\t<\/div>\n\t\t<\/section>\n\t\t\t\t<\/div>","protected":false},"excerpt":{"rendered":"<p>Privacy Policy 1. Who is responsible for the processing of your data? The data controller is identified in the Legal Notice section of this website and will be referred to as Lewu from now on. 2. What kind of data do we have about you and how did we obtain it? The categories of personal data that [\u2026]<\/p>","protected":false},"author":2,"featured_media":0,"parent":0,"menu_order":0,"comment_status":"closed","ping_status":"closed","template":"elementor_header_footer","meta":{"footnotes":""},"class_list":["post-5095","page","type-page","status-publish","hentry"],"yoast_head":"<!-- This site is optimized with the Yoast SEO plugin v23.5 - https:\/\/yoast.com\/wordpress\/plugins\/seo\/ -->\n<title>Pol\u00edtica de Privacidad - Lewu<\/title>\n<meta name=\"robots\" content=\"noindex, follow\" \/>\n<meta property=\"og:locale\" content=\"en_GB\" \/>\n<meta property=\"og:type\" content=\"article\" \/>\n<meta property=\"og:title\" content=\"Pol\u00edtica de Privacidad - Lewu\" \/>\n<meta property=\"og:description\" content=\"Pol\u00edtica de Privacidad 1. \u00bfQui\u00e9n es el Responsable de tratamiento de sus datos? El responsable de tratamiento se encuentra identificado en el apartado Aviso Legal de esta web y en adelante ser\u00e1 referenciado como Lewu. 2. \u00bfQu\u00e9 tipo de datos tenemos sobre su persona y c\u00f3mo los hemos obtenido? Las categor\u00edas de datos personales que [&hellip;]\" \/>\n<meta property=\"og:url\" content=\"https:\/\/lewu.es\/en\/privacy-policy\/\" \/>\n<meta property=\"og:site_name\" content=\"Lewu\" \/>\n<meta property=\"article:publisher\" content=\"https:\/\/www.facebook.com\/lewusummercamp\/\" \/>\n<meta property=\"article:modified_time\" content=\"2023-01-26T10:27:16+00:00\" \/>\n<meta name=\"twitter:card\" content=\"summary_large_image\" \/>\n<meta name=\"twitter:label1\" content=\"Estimated reading time\" \/>\n\t<meta name=\"twitter:data1\" content=\"7 minutes\" \/>\n<script type=\"application\/ld+json\" class=\"yoast-schema-graph\">{\"@context\":\"https:\/\/schema.org\",\"@graph\":[{\"@type\":\"WebPage\",\"@id\":\"https:\/\/lewu.es\/politica-de-privacidad\/\",\"url\":\"https:\/\/lewu.es\/politica-de-privacidad\/\",\"name\":\"Pol\u00edtica de Privacidad - Lewu\",\"isPartOf\":{\"@id\":\"https:\/\/lewu.es\/#website\"},\"datePublished\":\"2023-01-09T13:17:19+00:00\",\"dateModified\":\"2023-01-26T10:27:16+00:00\",\"breadcrumb\":{\"@id\":\"https:\/\/lewu.es\/politica-de-privacidad\/#breadcrumb\"},\"inLanguage\":\"en-GB\",\"potentialAction\":[{\"@type\":\"ReadAction\",\"target\":[\"https:\/\/lewu.es\/politica-de-privacidad\/\"]}]},{\"@type\":\"BreadcrumbList\",\"@id\":\"https:\/\/lewu.es\/politica-de-privacidad\/#breadcrumb\",\"itemListElement\":[{\"@type\":\"ListItem\",\"position\":1,\"name\":\"Home\",\"item\":\"https:\/\/lewu.es\/\"},{\"@type\":\"ListItem\",\"position\":2,\"name\":\"Pol\u00edtica de Privacidad\"}]},{\"@type\":\"WebSite\",\"@id\":\"https:\/\/lewu.es\/#website\",\"url\":\"https:\/\/lewu.es\/\",\"name\":\"Lewu\",\"description\":\"Cursos y campamentos de ingl\u00e9s o espa\u00f1ol para extranjeros\",\"publisher\":{\"@id\":\"https:\/\/lewu.es\/#organization\"},\"alternateName\":\"Lewu\",\"potentialAction\":[{\"@type\":\"SearchAction\",\"target\":{\"@type\":\"EntryPoint\",\"urlTemplate\":\"https:\/\/lewu.es\/?s={search_term_string}\"},\"query-input\":{\"@type\":\"PropertyValueSpecification\",\"valueRequired\":true,\"valueName\":\"search_term_string\"}}],\"inLanguage\":\"en-GB\"},{\"@type\":\"Organization\",\"@id\":\"https:\/\/lewu.es\/#organization\",\"name\":\"Lewu\",\"alternateName\":\"Lewu\",\"url\":\"https:\/\/lewu.es\/\",\"logo\":{\"@type\":\"ImageObject\",\"inLanguage\":\"en-GB\",\"@id\":\"https:\/\/lewu.es\/#\/schema\/logo\/image\/\",\"url\":\"https:\/\/lewu.es\/wp-content\/uploads\/2019\/10\/lOGO-Lewu-NUEVO-3.jpg\",\"contentUrl\":\"https:\/\/lewu.es\/wp-content\/uploads\/2019\/10\/lOGO-Lewu-NUEVO-3.jpg\",\"width\":879,\"height\":879,\"caption\":\"Lewu\"},\"image\":{\"@id\":\"https:\/\/lewu.es\/#\/schema\/logo\/image\/\"},\"sameAs\":[\"https:\/\/www.facebook.com\/lewusummercamp\/\",\"https:\/\/www.instagram.com\/lewulearnandenjoywithus\/\"]}]}<\/script>\n<!-- \/ Yoast SEO plugin. -->","yoast_head_json":{"title":"Pol\u00edtica de Privacidad - Lewu","robots":{"index":"noindex","follow":"follow"},"og_locale":"en_GB","og_type":"article","og_title":"Pol\u00edtica de Privacidad - Lewu","og_description":"Pol\u00edtica de Privacidad 1. \u00bfQui\u00e9n es el Responsable de tratamiento de sus datos? El responsable de tratamiento se encuentra identificado en el apartado Aviso Legal de esta web y en adelante ser\u00e1 referenciado como Lewu. 2. \u00bfQu\u00e9 tipo de datos tenemos sobre su persona y c\u00f3mo los hemos obtenido? Las categor\u00edas de datos personales que [&hellip;]","og_url":"https:\/\/lewu.es\/en\/privacy-policy\/","og_site_name":"Lewu","article_publisher":"https:\/\/www.facebook.com\/lewusummercamp\/","article_modified_time":"2023-01-26T10:27:16+00:00","twitter_card":"summary_large_image","twitter_misc":{"Estimated reading time":"7 minutes"},"schema":{"@context":"https:\/\/schema.org","@graph":[{"@type":"WebPage","@id":"https:\/\/lewu.es\/politica-de-privacidad\/","url":"https:\/\/lewu.es\/politica-de-privacidad\/","name":"Pol\u00edtica de Privacidad - Lewu","isPartOf":{"@id":"https:\/\/lewu.es\/#website"},"datePublished":"2023-01-09T13:17:19+00:00","dateModified":"2023-01-26T10:27:16+00:00","breadcrumb":{"@id":"https:\/\/lewu.es\/politica-de-privacidad\/#breadcrumb"},"inLanguage":"en-GB","potentialAction":[{"@type":"ReadAction","target":["https:\/\/lewu.es\/politica-de-privacidad\/"]}]},{"@type":"BreadcrumbList","@id":"https:\/\/lewu.es\/politica-de-privacidad\/#breadcrumb","itemListElement":[{"@type":"ListItem","position":1,"name":"Home","item":"https:\/\/lewu.es\/"},{"@type":"ListItem","position":2,"name":"Pol\u00edtica de Privacidad"}]},{"@type":"WebSite","@id":"https:\/\/lewu.es\/#website","url":"https:\/\/lewu.es\/","name":"Lewu","description":"Cursos y campamentos de ingl\u00e9s o espa\u00f1ol para extranjeros","publisher":{"@id":"https:\/\/lewu.es\/#organization"},"alternateName":"Lewu","potentialAction":[{"@type":"SearchAction","target":{"@type":"EntryPoint","urlTemplate":"https:\/\/lewu.es\/?s={search_term_string}"},"query-input":{"@type":"PropertyValueSpecification","valueRequired":true,"valueName":"search_term_string"}}],"inLanguage":"en-GB"},{"@type":"Organization","@id":"https:\/\/lewu.es\/#organization","name":"Lewu","alternateName":"Lewu","url":"https:\/\/lewu.es\/","logo":{"@type":"ImageObject","inLanguage":"en-GB","@id":"https:\/\/lewu.es\/#\/schema\/logo\/image\/","url":"https:\/\/lewu.es\/wp-content\/uploads\/2019\/10\/lOGO-Lewu-NUEVO-3.jpg","contentUrl":"https:\/\/lewu.es\/wp-content\/uploads\/2019\/10\/lOGO-Lewu-NUEVO-3.jpg","width":879,"height":879,"caption":"Lewu"},"image":{"@id":"https:\/\/lewu.es\/#\/schema\/logo\/image\/"},"sameAs":["https:\/\/www.facebook.com\/lewusummercamp\/","https:\/\/www.instagram.com\/lewulearnandenjoywithus\/"]}]}},"_links":{"self":[{"href":"https:\/\/lewu.es\/en\/wp-json\/wp\/v2\/pages\/5095","targetHints":{"allow":["GET"]}}],"collection":[{"href":"https:\/\/lewu.es\/en\/wp-json\/wp\/v2\/pages"}],"about":[{"href":"https:\/\/lewu.es\/en\/wp-json\/wp\/v2\/types\/page"}],"author":[{"embeddable":true,"href":"https:\/\/lewu.es\/en\/wp-json\/wp\/v2\/users\/2"}],"replies":[{"embeddable":true,"href":"https:\/\/lewu.es\/en\/wp-json\/wp\/v2\/comments?post=5095"}],"version-history":[{"count":0,"href":"https:\/\/lewu.es\/en\/wp-json\/wp\/v2\/pages\/5095\/revisions"}],"wp:attachment":[{"href":"https:\/\/lewu.es\/en\/wp-json\/wp\/v2\/media?parent=5095"}],"curies":[{"name":"wp","href":"https:\/\/api.w.org\/{rel}","templated":true}]}}